{"id":17,"date":"2018-01-17T14:35:24","date_gmt":"2018-01-17T14:35:24","guid":{"rendered":"http:\/\/thaetig.de\/?page_id=17"},"modified":"2020-12-14T23:44:04","modified_gmt":"2020-12-14T22:44:04","slug":"kontakt","status":"publish","type":"page","link":"https:\/\/thaetig.de\/?page_id=17","title":{"rendered":"Kontakt"},"content":{"rendered":"<p><img fetchpriority=\"high\" decoding=\"async\" class=\"aligncenter size-full wp-image-110\" src=\"https:\/\/thaetig.de\/wp-content\/uploads\/2018\/01\/kontakt-1900x651.jpg\" alt=\"\" width=\"1900\" height=\"651\" srcset=\"https:\/\/thaetig.de\/wp-content\/uploads\/2018\/01\/kontakt-1900x651.jpg 1900w, https:\/\/thaetig.de\/wp-content\/uploads\/2018\/01\/kontakt-1900x651-300x103.jpg 300w, https:\/\/thaetig.de\/wp-content\/uploads\/2018\/01\/kontakt-1900x651-768x263.jpg 768w, https:\/\/thaetig.de\/wp-content\/uploads\/2018\/01\/kontakt-1900x651-1024x351.jpg 1024w, https:\/\/thaetig.de\/wp-content\/uploads\/2018\/01\/kontakt-1900x651-830x284.jpg 830w, https:\/\/thaetig.de\/wp-content\/uploads\/2018\/01\/kontakt-1900x651-230x79.jpg 230w, https:\/\/thaetig.de\/wp-content\/uploads\/2018\/01\/kontakt-1900x651-350x120.jpg 350w, https:\/\/thaetig.de\/wp-content\/uploads\/2018\/01\/kontakt-1900x651-480x164.jpg 480w\" sizes=\"(max-width: 1900px) 100vw, 1900px\" \/><br \/>\nSolltest Du Anregungen oder Fragen zu meiner Webseite haben &#8211; oder einfach nur mit mir in <strong>Kontakt<\/strong> treten wollen \u2026&nbsp;z\u00f6gere nicht und kontaktiere mich, jede (freundliche) Nachricht wird garantiert beantwortet!<\/p>\n\n<div class=\"wpcf7 no-js\" id=\"wpcf7-f32-o1\" lang=\"de-DE\" dir=\"ltr\" data-wpcf7-id=\"32\">\n<div class=\"screen-reader-response\"><p role=\"status\" aria-live=\"polite\" aria-atomic=\"true\"><\/p> <ul><\/ul><\/div>\n<form action=\"\/index.php?rest_route=%2Fwp%2Fv2%2Fpages%2F17#wpcf7-f32-o1\" method=\"post\" class=\"wpcf7-form init\" aria-label=\"Kontaktformular\" novalidate=\"novalidate\" data-status=\"init\">\n<fieldset class=\"hidden-fields-container\"><input type=\"hidden\" name=\"_wpcf7\" value=\"32\" \/><input type=\"hidden\" name=\"_wpcf7_version\" value=\"6.1.5\" \/><input type=\"hidden\" name=\"_wpcf7_locale\" value=\"de_DE\" \/><input type=\"hidden\" name=\"_wpcf7_unit_tag\" value=\"wpcf7-f32-o1\" \/><input type=\"hidden\" name=\"_wpcf7_container_post\" value=\"0\" \/><input type=\"hidden\" name=\"_wpcf7_posted_data_hash\" value=\"\" \/><input type=\"hidden\" name=\"_wpcf7_recaptcha_response\" value=\"\" \/>\n<\/fieldset>\n<p><label> Dein Name (Pflichtfeld)<br \/>\n<span class=\"wpcf7-form-control-wrap\" data-name=\"your-name\"><input size=\"40\" maxlength=\"1000\" class=\"wpcf7-form-control wpcf7-text wpcf7-validates-as-required\" aria-required=\"true\" aria-invalid=\"false\" value=\"\" type=\"text\" name=\"your-name\" \/><\/span> <\/label>\n<\/p>\n<p><label> Deine E-Mail-Adresse (Pflichtfeld)<br \/>\n<span class=\"wpcf7-form-control-wrap\" data-name=\"your-email\"><input size=\"40\" maxlength=\"1000\" class=\"wpcf7-form-control wpcf7-email wpcf7-validates-as-required wpcf7-text wpcf7-validates-as-email\" aria-required=\"true\" aria-invalid=\"false\" value=\"\" type=\"email\" name=\"your-email\" \/><\/span> <\/label>\n<\/p>\n<p><label> Betreff<br \/>\n<span class=\"wpcf7-form-control-wrap\" data-name=\"your-subject\"><input size=\"40\" maxlength=\"5000\" class=\"wpcf7-form-control wpcf7-text\" aria-invalid=\"false\" value=\"\" type=\"text\" name=\"your-subject\" \/><\/span> <\/label>\n<\/p>\n<p><label> Deine Nachricht<br \/>\n<span class=\"wpcf7-form-control-wrap\" data-name=\"your-message\"><textarea cols=\"40\" rows=\"10\" maxlength=\"5000\" class=\"wpcf7-form-control wpcf7-textarea\" aria-invalid=\"false\" name=\"your-message\"><\/textarea><\/span> <\/label>\n<\/p>\n\n<p><label><br \/>\n<span class=\"wpcf7-form-control-wrap\" data-name=\"textarea-906\"><textarea cols=\"40\" rows=\"10\" maxlength=\"8000\" class=\"wpcf7-form-control wpcf7-textarea\" aria-invalid=\"false\" name=\"textarea-906\">Wenn Sie die im Kontaktformular eingegebenen Daten durch Klick auf den nachfolgenden &quot;Senden&quot;-Button \u00fcbersenden, erkl\u00e4ren Sie sich damit einverstanden, dass wir Ihre Angaben f\u00fcr die Beantwortung Ihrer Anfrage bzw. Kontaktaufnahme verwenden. Eine Weitergabe an Dritte findet grunds\u00e4tzlich nicht statt, es sei denn geltende Datenschutzvorschriften rechtfertigen eine \u00dcbertragung oder wir sind dazu gesetzlich verpflichtet. Sie k\u00f6nnen Ihre erteilte Einwilligung jederzeit mit Wirkung f\u00fcr die Zukunft widerrufen. Im Falle des Widerrufs werden Ihre Daten umgehend gel\u00f6scht. Ihre Daten werden ansonsten gel\u00f6scht, wenn wir Ihre Anfrage bearbeitet haben oder der Zweck der Speicherung entfallen ist. Sie k\u00f6nnen sich jederzeit \u00fcber die zu Ihrer Person gespeicherten Daten informieren. Bitte beachten Sie auch, dass Ihre eingegebenen Daten unverschl\u00fcsselt \u00fcber \u00f6ffentliche Mailserver \u00fcbertragen werden, wodurch unter Umst\u00e4nden unbefugte Dritte Kenntnis vom Inhalt Ihrer Nachricht erlangen k\u00f6nnten.\nWeitere Informationen zum Datenschutz finden Sie auch in der Datenschutzerkl\u00e4rung dieser Webseite.<\/textarea><\/span><br \/>\n<span class=\"wpcf7-form-control-wrap\" data-name=\"acceptance-753\"><span class=\"wpcf7-form-control wpcf7-acceptance\"><span class=\"wpcf7-list-item\"><label><input type=\"checkbox\" name=\"acceptance-753\" value=\"1\" aria-invalid=\"false\" \/><span class=\"wpcf7-list-item-label\">Ich akzeptiere diese Bedingungen.<\/span><\/label><\/span><\/span><\/span><br \/>\n<input class=\"wpcf7-form-control wpcf7-submit has-spinner\" type=\"submit\" value=\"Senden\" \/><\/label>\n<\/p><div class=\"wpcf7-response-output\" aria-hidden=\"true\"><\/div>\n<\/form>\n<\/div>\n\n","protected":false},"excerpt":{"rendered":"<p>Solltest Du Anregungen oder Fragen zu meiner Webseite haben &#8211; oder einfach nur mit mir in Kontakt treten wollen \u2026&nbsp;z\u00f6gere nicht und [&hellip;]<\/p>\n","protected":false},"author":1,"featured_media":110,"parent":0,"menu_order":0,"comment_status":"closed","ping_status":"closed","template":"","meta":{"footnotes":""},"class_list":["post-17","page","type-page","status-publish","has-post-thumbnail","hentry"],"_links":{"self":[{"href":"https:\/\/thaetig.de\/index.php?rest_route=\/wp\/v2\/pages\/17","targetHints":{"allow":["GET"]}}],"collection":[{"href":"https:\/\/thaetig.de\/index.php?rest_route=\/wp\/v2\/pages"}],"about":[{"href":"https:\/\/thaetig.de\/index.php?rest_route=\/wp\/v2\/types\/page"}],"author":[{"embeddable":true,"href":"https:\/\/thaetig.de\/index.php?rest_route=\/wp\/v2\/users\/1"}],"replies":[{"embeddable":true,"href":"https:\/\/thaetig.de\/index.php?rest_route=%2Fwp%2Fv2%2Fcomments&post=17"}],"version-history":[{"count":7,"href":"https:\/\/thaetig.de\/index.php?rest_route=\/wp\/v2\/pages\/17\/revisions"}],"predecessor-version":[{"id":363,"href":"https:\/\/thaetig.de\/index.php?rest_route=\/wp\/v2\/pages\/17\/revisions\/363"}],"wp:featuredmedia":[{"embeddable":true,"href":"https:\/\/thaetig.de\/index.php?rest_route=\/wp\/v2\/media\/110"}],"wp:attachment":[{"href":"https:\/\/thaetig.de\/index.php?rest_route=%2Fwp%2Fv2%2Fmedia&parent=17"}],"curies":[{"name":"wp","href":"https:\/\/api.w.org\/{rel}","templated":true}]}}