{"id":2,"date":"2016-05-10T03:48:21","date_gmt":"2016-05-10T03:48:21","guid":{"rendered":"http:\/\/thaetig.de\/?page_id=2"},"modified":"2024-06-26T17:06:11","modified_gmt":"2024-06-26T16:06:11","slug":"sample-page","status":"publish","type":"page","link":"https:\/\/thaetig.de\/","title":{"rendered":"\u00dcber Mich"},"content":{"rendered":"\n<figure class=\"wp-block-image aligncenter\"><img fetchpriority=\"high\" decoding=\"async\" width=\"3452\" height=\"2095\" src=\"https:\/\/thaetig.de\/wp-content\/uploads\/2018\/01\/Kontaktfoto_sw.jpg\" alt=\"\" class=\"wp-image-71\" srcset=\"https:\/\/thaetig.de\/wp-content\/uploads\/2018\/01\/Kontaktfoto_sw.jpg 3452w, https:\/\/thaetig.de\/wp-content\/uploads\/2018\/01\/Kontaktfoto_sw-300x182.jpg 300w, https:\/\/thaetig.de\/wp-content\/uploads\/2018\/01\/Kontaktfoto_sw-768x466.jpg 768w, https:\/\/thaetig.de\/wp-content\/uploads\/2018\/01\/Kontaktfoto_sw-1024x621.jpg 1024w, https:\/\/thaetig.de\/wp-content\/uploads\/2018\/01\/Kontaktfoto_sw-830x504.jpg 830w, https:\/\/thaetig.de\/wp-content\/uploads\/2018\/01\/Kontaktfoto_sw-230x140.jpg 230w, https:\/\/thaetig.de\/wp-content\/uploads\/2018\/01\/Kontaktfoto_sw-350x212.jpg 350w, https:\/\/thaetig.de\/wp-content\/uploads\/2018\/01\/Kontaktfoto_sw-480x291.jpg 480w\" sizes=\"(max-width: 3452px) 100vw, 3452px\" \/><\/figure>\n\n\n\n<p class=\"has-text-align-center\"><\/p>\n\n\n\n<h2 class=\"wp-block-heading\">Herzlich Willkommen auf meiner privaten Homepage!<\/h2>\n\n\n\n<p>Auf dieser Seite kannst Du etliches \u00fcber meine aktuellen Aktivit\u00e4ten erfahren &#8211; und Dich mit mir austauschen. Jeder Gast dieser Seite ist herzlich dazu eingeladen, mich zu kontaktieren und\/oder einen Blogbeitrag zu kommentieren. Ich hoffe es gelingt mir stets interessante Artikel auf diesen Seiten zu posten, um Dich nicht allzu schnell zu vergraulen&#8230;<\/p>\n\n\n\n<p>Ich w\u00fcnsche Dir jedenfalls <strong>Viel Spa\u00df<\/strong> auf meiner Seite &#8211; solltest Du Anregungen f\u00fcr gemeinsame Projekte, Aktivit\u00e4ten oder Unternehmungen haben &#8230; schreib mich an, ich freue mich \u00fcber jede Nachricht!<\/p>\n\n\n\n<p><strong>Roland Th\u00e4tig<\/strong><\/p>\n","protected":false},"excerpt":{"rendered":"<p>Herzlich Willkommen auf meiner privaten Homepage! Auf dieser Seite kannst Du etliches \u00fcber meine aktuellen Aktivit\u00e4ten erfahren &#8211; und Dich mit mir [&hellip;]<\/p>\n","protected":false},"author":1,"featured_media":0,"parent":0,"menu_order":0,"comment_status":"closed","ping_status":"open","template":"","meta":{"footnotes":""},"class_list":["post-2","page","type-page","status-publish","hentry"],"_links":{"self":[{"href":"https:\/\/thaetig.de\/index.php?rest_route=\/wp\/v2\/pages\/2","targetHints":{"allow":["GET"]}}],"collection":[{"href":"https:\/\/thaetig.de\/index.php?rest_route=\/wp\/v2\/pages"}],"about":[{"href":"https:\/\/thaetig.de\/index.php?rest_route=\/wp\/v2\/types\/page"}],"author":[{"embeddable":true,"href":"https:\/\/thaetig.de\/index.php?rest_route=\/wp\/v2\/users\/1"}],"replies":[{"embeddable":true,"href":"https:\/\/thaetig.de\/index.php?rest_route=%2Fwp%2Fv2%2Fcomments&post=2"}],"version-history":[{"count":18,"href":"https:\/\/thaetig.de\/index.php?rest_route=\/wp\/v2\/pages\/2\/revisions"}],"predecessor-version":[{"id":386,"href":"https:\/\/thaetig.de\/index.php?rest_route=\/wp\/v2\/pages\/2\/revisions\/386"}],"wp:attachment":[{"href":"https:\/\/thaetig.de\/index.php?rest_route=%2Fwp%2Fv2%2Fmedia&parent=2"}],"curies":[{"name":"wp","href":"https:\/\/api.w.org\/{rel}","templated":true}]}}