{"id":390,"date":"2025-05-04T18:03:55","date_gmt":"2025-05-04T17:03:55","guid":{"rendered":"https:\/\/thaetig.de\/?page_id=390"},"modified":"2025-05-06T20:39:39","modified_gmt":"2025-05-06T19:39:39","slug":"pgp-verschluesselung-signatur","status":"publish","type":"page","link":"https:\/\/thaetig.de\/?page_id=390","title":{"rendered":"PGP-Verschl\u00fcsselung\/-Signatur"},"content":{"rendered":"\t\t<div data-elementor-type=\"wp-page\" data-elementor-id=\"390\" class=\"elementor elementor-390\">\n\t\t\t\t\t\t<section class=\"elementor-section elementor-top-section elementor-element elementor-element-63d916a elementor-section-boxed elementor-section-height-default elementor-section-height-default\" data-id=\"63d916a\" data-element_type=\"section\" data-e-type=\"section\">\n\t\t\t\t\t\t<div class=\"elementor-container elementor-column-gap-default\">\n\t\t\t\t\t<div class=\"elementor-column elementor-col-100 elementor-top-column elementor-element elementor-element-eb784e9\" data-id=\"eb784e9\" data-element_type=\"column\" data-e-type=\"column\">\n\t\t\t<div class=\"elementor-widget-wrap elementor-element-populated\">\n\t\t\t\t\t\t<div class=\"elementor-element elementor-element-4a2fe44 elementor-widget elementor-widget-image\" data-id=\"4a2fe44\" data-element_type=\"widget\" data-e-type=\"widget\" data-widget_type=\"image.default\">\n\t\t\t\t<div class=\"elementor-widget-container\">\n\t\t\t\t\t\t\t\t\t\t\t\t\t\t\t<img fetchpriority=\"high\" decoding=\"async\" width=\"870\" height=\"370\" src=\"https:\/\/thaetig.de\/wp-content\/uploads\/2025\/05\/PGP-Schluessel.jpg\" class=\"attachment-large size-large wp-image-400\" alt=\"\" srcset=\"https:\/\/thaetig.de\/wp-content\/uploads\/2025\/05\/PGP-Schluessel.jpg 870w, https:\/\/thaetig.de\/wp-content\/uploads\/2025\/05\/PGP-Schluessel-300x128.jpg 300w, https:\/\/thaetig.de\/wp-content\/uploads\/2025\/05\/PGP-Schluessel-768x327.jpg 768w, https:\/\/thaetig.de\/wp-content\/uploads\/2025\/05\/PGP-Schluessel-230x98.jpg 230w, https:\/\/thaetig.de\/wp-content\/uploads\/2025\/05\/PGP-Schluessel-350x149.jpg 350w, https:\/\/thaetig.de\/wp-content\/uploads\/2025\/05\/PGP-Schluessel-480x204.jpg 480w\" sizes=\"(max-width: 870px) 100vw, 870px\" \/>\t\t\t\t\t\t\t\t\t\t\t\t\t\t\t<\/div>\n\t\t\t\t<\/div>\n\t\t\t\t\t<\/div>\n\t\t<\/div>\n\t\t\t\t\t<\/div>\n\t\t<\/section>\n\t\t\t\t<section class=\"elementor-section elementor-top-section elementor-element elementor-element-24f5acfd elementor-section-boxed elementor-section-height-default elementor-section-height-default\" data-id=\"24f5acfd\" data-element_type=\"section\" data-e-type=\"section\">\n\t\t\t\t\t\t<div class=\"elementor-container elementor-column-gap-default\">\n\t\t\t\t\t<div class=\"elementor-column elementor-col-100 elementor-top-column elementor-element elementor-element-37681913\" data-id=\"37681913\" data-element_type=\"column\" data-e-type=\"column\">\n\t\t\t<div class=\"elementor-widget-wrap elementor-element-populated\">\n\t\t\t\t\t\t<div class=\"elementor-element elementor-element-2be9cc9a elementor-widget elementor-widget-text-editor\" data-id=\"2be9cc9a\" data-element_type=\"widget\" data-e-type=\"widget\" data-widget_type=\"text-editor.default\">\n\t\t\t\t<div class=\"elementor-widget-container\">\n\t\t\t\t\t\t\t\t\t<p><\/p>\n<p style=\"text-align: left;\">Hier mein \u00f6ffentlicher <strong>PGP-Schl\u00fcssel <\/strong>f\u00fcr Menschen, die gerne gesichert mit mir per E-Mail kommunizieren m\u00f6chten. Er ist von der <strong>&#8222;Governikus OpenPGP Signaturservice&#8220; CA<\/strong> (:= Signaturstelle des Bundes, mit der jeder B\u00fcrger mit Hilfe des neuen deutschen Personalausweises PGP-Schl\u00fcssel kostenlos zertifizieren lassen kann) <strong>signiert<\/strong> und somit sehr vertrauensw\u00fcrdig.<\/p>\n<p><\/p>\n<p>Bitte importieren Sie diesen in ihren <strong>PGP<\/strong>-f\u00e4higen Mail client \/ Mail.app, um mit mir verschl\u00fcsselt zu kommunizieren bzw. die Echtheit und Integrit\u00e4t von Mails pr\u00fcfen zu k\u00f6nnen, die ich an sie versende.<\/p>\n<p><strong>Thumbprint<\/strong>: 8C04&nbsp;94C8&nbsp;FA9F&nbsp;C42D&nbsp;EADB&nbsp;&nbsp;DF37&nbsp;A6E7&nbsp;E48C&nbsp;BCC1&nbsp;E874<\/p>\n<p><\/p>\n<p class=\"has-text-align-left is-style-default has-black-color has-cyan-bluish-gray-background-color has-text-color has-background has-link-color has-small-font-size wp-elements-261561fb44307c14ece483660edf9ee4\" style=\"border-style: none; border-width: 0px; padding-top: var(--wp--preset--spacing--40); padding-bottom: var(--wp--preset--spacing--40);\"><code>-----BEGIN PGP PUBLIC KEY BLOCK-----mQINBGgWmQoBEACqvEHM+ZINCNeXQJP4r96VOtsyqhSf32Xard5DFv+cSjxGLakIu\/FRYo2Z3KKPMTf9TD\/+\/5\/<\/code><br><code>+0L29OVi3hd33cNF+Qe65X+NXbEIc3lGVlYccoBfjq0fCzyP5L+UOA5\/0hXqmbVvEfFE08ZOQ+32V\/3vTrStOLw<\/code><br><code>6fG9N\/Z3+rGtLQpArFhF80nZ5GSP5CHlyeYcpfa8hclhdQzMXOjnvIckZRk\/xTCSRu75LEnMUB4+IRs4lg6AaO0<\/code><br><code>MlHIq+yh8KDri5d7AMLlh4Okcz5ugR4r0evcIk+eRa15XqdVvHjxOUwRSd7RGo\/INnK74k4g5tQ0REotWGyfFah<\/code><br><code>mQbyp7JIRZ7pfRjZa11a5MDp7BMgcMq0hfgzA1L\/boryQRn2NdmeJ1p\/EZ7rkCAkpVUn+5Ura\/HuOSPBvXsXBnE<\/code><br><code>kM5QHRpHt8kL5\/kac+m30hyXkWqlBeC2gSg+Gpof+ygBMkpLOzkGJpKodELbWJVzPlTzR1uvYLV5SQBLHjfzeS0<\/code><br><code>ueuCthme2uTmjTpYaAg0+o65OgQdc9Fsrtm2iUwwKKhyTTACckcTghKKx\/fux6waEWxwjO4hcGpA2SARF+quXvR<\/code><br><code>BVuEvI\/NVPGh0\/kPprCRJ5QfAUd6WxEhoGW3Hjz1trkU4tNBmJRo\/KbkBbOBmV1zHLXkmuX1MebHKpcko3BCgCU<\/code><br><code>JQARAQABtCJSb2xhbmQgVGjDpHRpZyA8cm9sYW5kQHRoYWV0aWcuZGU+iQJUBBMBCAA+AhsDBQsJCAcCAiICBhU<\/code><br><code>KCQgLAgQWAgMBAh4DAheAFiEEjASUyPqfxC3q2983pufkjLzB6HQFAmgWmysCGQEACgkQpufkjLzB6HTbVQ\/+KP<\/code><br><code>DjxssuxUrYV2seYMV4eOpytQsY2a+ST61zqSat\/+nYV41Wgav1cBuImbligYbP2yEFygMqaqmKJq1PFDTyc9RO\/<\/code><br><code>hAqYqixnc9LR\/93k4SBgvwNgAXBLYlQ\/Q\/HJ6ujlUn5NVI7E6ktOX+IzzujJIcwowkO7U\/Lg4x6PLBG5A9eSTz9<\/code><br><code>G0PH57ywl4dg3VFLOrcnl9Tkudpy2yZ94lI9IOoSVcJ8sB5ax7Tq6kqouApOkNAzOZ02pFXnUHzcyjYZwT9R6gy<\/code><br><code>O0hNljSxwozB\/UqcioQmrI+SmkTVybcXfhyIY12ZjjPvBA+NDC4YnxRGI3\/Gtq95MQPSDSo5VGioIYDJOhctPHW<\/code><br><code>K+\/EDWe1DSRkuL8ZZyk5jj8lTfTM4tWSJhyBNMjkVgeI49RZKxjDwKVJa+pK46JILF3UlPlBbBLQEnm\/joh1Vho<\/code><br><code>msa1Rz5RIKgWttxqbaMlTgOakdUS0\/pyMDz3Bl7EFzB2uyoENV5XQ7\/mw9trbKLVxg3X7K6LxCV2rSZbaEdAmGv<\/code><br><code>1jJqwCO0M6yBBicHGV9WZ05wd+4SPIayLr9JdshYuX4XtU1quK8fFCqCCCQ27lWR3Ag9UR6V\/pJ1ngDTubRWWn2<\/code><br><code>\/WgXBlkPXyDarB0eukqp\/RuLsn89\/ZDivB3RrkmgoHeHaecUSBgFK+owZkRmgJHXOEClH7kSJAhwEEwEIAAYFAm<\/code><br><code>gWpDAACgkQXlzMtKS\/Q9dKZA\/\/aP6gfc9BgKJdyM24HDH98J+u7lYCVr8slax9cUf+gsiH10fvG1aaGS\/EYGFNR<\/code><br><code>CVWpu8mISUljHCdR3J+Silkdhoi\/xByKg3RjubShGsMvPM2dkNM\/YbG6hYi\/G5Zpf+HaWkM8K0xlni0yuIKnw\/3<\/code><br><code>DTVSlK2VbeFkTG0HlB+IDiq4eDbeTQlou+l\/QVp8wq5GjjLRGoPj3wjGNUmYP1wSYiF6ifcfZR0xXXFiA2OhyPX<\/code><br><code>yQLBF8meNcisDm1+CrwzRP5QwrL8URluUd1Rk7irREkbRI+Zaq9YMLZAjbz3k7J+N5yenCMO\/iAzs37kQstP\/5z<\/code><br><code>4s961mya9yBrPpLfgVilnNC2ZiqwwwyGEzDgEpOrZbkUjopQe3tQf+hpn94VvYPrV0M8VEh3zdu+q\/\/hgjZ\/tx4<\/code><br><code>mtiti7WDXt8E+9jSWRlDJu2kpOksW94lrgbL69lOTcTz033ykdyZQiO0ZyS218fahh+gxUknwrMHd3xH8yhnD9N<\/code><br><code>hnBB9QBJ9t7wsVv1HHX3s7RhNTCS45TP5HSHZeMlxnvHvk9ZgTY6ouyuvTwSmYPUL9hTHMXnYxp9ucJ0yZU0SZg<\/code><br><code>pPLo8S+G8v7gQ\/kMlCouTvCWUQmrQRwJ\/1bCFwzkR97Xj8i2i5fUqj2RfYehqHJR9fqX38ckJhLOwQamtVwYi8U<\/code><br><code>EuMjH1xjidfZi0LlJvbGFuZCBUaMOkdGlnIDxydGhhZXRpZ0B2ZXJzb3JndW5nc2thbW1lci5kZT6JAlEEEwEIA<\/code><br><code>DsWIQSMBJTI+p\/ELerb3zem5+SMvMHodAUCaBabIQIbAwULCQgHAgIiAgYVCgkICwIEFgIDAQIeAwIXgAAKCRCm<\/code><br><code>5+SMvMHodPu0D\/9B5y1SEyZAgZonOs4n7hgRdLlSh6XUHh7FnlHepsnyQCu4uxolsWLjIAE4lYRIjlZSVLd0+PH<\/code><br><code>tiKhVTjJXFcEFx\/l10FCaL+amRKS5odojROQUxB4BVHgzAjMg3FtetnBAEbNpHBQ+4Y0dyYrppGsLyUpUtueemB<\/code><br><code>5r3k\/YIv5Q8b1Db0j6rtSVoz6q7iX6ACxgvkjrcLfKIigpVAsl+zEV63n1zMM4OhAxFlK9UydfGpMHOhdMlRH+5<\/code><br><code>4ux8O3sSugyJbRZhWPSEIW0o7+XQsLPV0y+QpESm4p+Su8733rk3byS\/y\/QHiIvZZO0maFb9cJkyCLVDpuKvkd5<\/code><br><code>gg+ka2aNmdJw1LnX0u+zjikG834xHGfwylo0U9vlh52\/aSLmdbEjvMsjuolZ759OauxIpVKZf6JLuHM6S3pY7C1<\/code><br><code>ilIyOd95uvPOPVEAO1zY1gGlamvb8a\/EI6hChHXB4lF\/rvgtvsZ6rV9PZqGs2t6T4NnkvVymQG2lIZddJ4KyI8P<\/code><br><code>p9foEhbsiT01YgdBqJEQOBXwwU\/8BstE\/B3iLRBwLykshjYH0\/Pt\/aPtFROkRNWClOaEhojtKePJw1sdN+TI25v<\/code><br><code>NqFZDfo50CVe30oADNBuOzlNZ1RfFbDm3phRiNz1AEe95GPfMTAz4Ba\/18lMFqqvgda\/QQyavCiQhVPyPOaRKAq<\/code><br><code>ptHVQtVAARAAAQEAAAAAAAAAAAAAAAD\/2P\/gABBKRklGAAEBAABIAEgAAP\/hAEBFeGlmAABNTQAqAAAACAABh2k<\/code><br><code>ABAAAAAEAAAAaAAAAAAACoAIABAAAAAEAAADCoAMABAAAAAEAAAD6AAAAAP\/tADhQaG90b3Nob3AgMy4wADhCSU<\/code><br><code>0EBAAAAAAAADhCSU0EJQAAAAAAENQdjNmPALIE6YAJmOz4Qn7\/wgARCAD6AMIDASIAAhEBAxEB\/8QAHwAAAQUBA<\/code><br><code>QEBAQEAAAAAAAAAAwIEAQUABgcICQoL\/8QAwxAAAQMDAgQDBAYEBwYECAZzAQIAAxEEEiEFMRMiEAZBUTIUYXEj<\/code><br><code>B4EgkUIVoVIzsSRiMBbBctFDkjSCCOFTQCVjFzXwk3OiUESyg\/EmVDZklHTCYNKEoxhw4idFN2WzVXWklcOF8tN<\/code><br><code>GdoDjR1ZmtAkKGRooKSo4OTpISUpXWFlaZ2hpand4eXqGh4iJipCWl5iZmqClpqeoqaqwtba3uLm6wMTFxsfIyc<\/code><br><code>rQ1NXW19jZ2uDk5ebn6Onq8\/T19vf4+fr\/xAAfAQADAQEBAQEBAQEBAAAAAAABAgADBAUGBwgJCgv\/xADDEQACA<\/code><br><code>gEDAwMCAwUCBQIEBIcBAAIRAxASIQQgMUETBTAiMlEUQAYzI2FCFXFSNIFQJJGhQ7EWB2I1U\/DRJWDBROFy8ReC<\/code><br><code>YzZwJkVUkiei0ggJChgZGigpKjc4OTpGR0hJSlVWV1hZWmRlZmdoaWpzdHV2d3h5eoCDhIWGh4iJipCTlJWWl5i<\/code><br><code>ZmqCjpKWmp6ipqrCys7S1tre4ubrAwsPExcbHyMnK0NPU1dbX2Nna4OLj5OXm5+jp6vLz9PX29\/j5+v\/bAEMADA<\/code><br><code>wMDAwMFAwMFB0UFBQdJx0dHR0nMScnJycnMTsxMTExMTE7Ozs7Ozs7O0dHR0dHR1NTU1NTXV1dXV1dXV1dXf\/bA<\/code><br><code>EMBDg8PGBYYKBYWKGFCNkJhYWFhYWFhYWFhYWFhYWFhYWFhYWFhYWFhYWFhYWFhYWFhYWFhYWFhYWFhYWFhYWFh<\/code><br><code>Yf\/aAAwDAQACEQMRAAAB6rbVomIbbVttW0RSobM6tU1C6tcBcF5ONMaKmNFTGip0anO2DaJ1RtoYYeeq2rK1YMh<\/code><br><code>UoMFahQsrTl1kdqrlehIcxsRtorbattqc7YNtorV6+WFLZZQyDFIjjWVcWgng6ZyQbJK24ivUv+K6Nlso2I20Vt<\/code><br><code>Opztg2SpvDmmJnIYboxMtQZ1ILdRpoEHxmon6IVrK6CRRrctNMuyLX2DLttW21OtsGzdwOHNOnCVaF5eeiVK0Yh<\/code><br><code>UgoyoMlJEwAgo6Zsrdvpma3rLN89MaE6NTvbB4iYg0GpKuJaZz0mY0dE4WjSaI0QQMo60SHTNy+bOHzmNiJ21O4<\/code><br><code>mFeIkVADMI6RQJWdkph1eRXugT4DWrBNHiLhLA9FGtDK8dVFq+atEss6NT2JhWhC01XLlOeo661GDQBuQOs2LJ7<\/code><br><code>m6WFizqql2h0I4kwKUmBQbits2WdE6ZTo1Po0K0RKar5MLPWIXkYKShjJBkNhLRUS3c1stMENnISHLpCt8NtBCs<\/code><br><code>mafpUlGiJSQNq9aI8aIz1TXuRAnNRlYWzetRR3zWAbJKdBKc5dDbbbHbRCdtT+JQjaNBs3OMFsmYx2atzMzEgei<\/code><br><code>gw4pagKIslCUtD5k+1ynRtM50RSsnVYplKtEbVG0U1Gdtnq0KQStm5mdYrVzRQmJWSiIPToV0YToxG0ap0arJCk<\/code><br><code>I2jRWiG5EgM1TRUjlHwzCBEUSoqhLcqtGbVcHap6eZ5hLjOjUrJwrNEhUrGOGEN15g6ob+gzd2qteYbuBKggaJT<\/code><br><code>SIUKMsDIZL0ZRdHPpiTLI3kTjAwNknasMgaAuUEP2L5CtyLyG2O9ktiVWciEqsFYKC\/q+k1yMBwPXICxlhtopW2<\/code><br><code>p5MrFmrprFQXbcg9OzbK13V2dibmVPGmG5MIgOaPWxFhX3tHvgzualRF4VJCImVUnE1f\/aAAgBAQABBQL\/AHxqk<\/code><br><code>AZnAfvAYkJdXX\/UJNGq4Aap1FlZeTqwstFwQ0ToLr\/PySJQ5JlqdX7TxZQyHR0L1ccqkNCwsfzks4Q1LqSwNaOj<\/code><br><code>xeLp2oXRjJJimy\/m5peWk1UaPFgdh2o6MhmrNXVhRcM3MH8zLJmsgqaUPF0dHR0dHRlLKGUMpfBoUUKQrJP35DR<\/code><br><code>Cak01AdO9PuU7UZDUl0duqsf35NUJR1Y\/zq0tQ1tfZ++eFKOn80fuY0NuP5mmp\/nQ1Bw\/zPmf56RVHHw\/mD3ydf<\/code><br><code>5tfCL2fvq4dlCrKSWUysSSpYkJYNWSzLRm5U+aosVdT2UwSlj75Y4M6MqkUqbNJSVuNWXYhq0eaqCdbM1DorsWd<\/code><br><code>VfzFersUhriyfLo0pp3Umr5eiYKHl1YSAy1GgSKr\/mCPpP50tfCMafzC\/uqNGO5aVa9z2Gg\/mCK\/cJZ6iFJ7laQ<\/code><br><code>1e0k9y0ip\/mjx7KL4BSQo8wpAlUp4a6UQe5aOH80rsWp1dGpNQhKgTXt5juOH80rh2Xo6qeS3VbykdZHVRaFNPY<\/code><br><code>an+cOhZ6iBTsVB5sGr4spY7IH86tlhq4speLA+6D\/ADqu9HRnsOxdWWk\/zmVSvgFVDBdWe9WTXso9TBeX8xVkuP<\/code><br><code>VTrguv3KvLuS06y\/cy7l17qcfa6S0KdXVl0+4ouAdTP3as\/cU4u0qch7JCnV5PJ17qLt06NTH8wWrhF2Ic6KEF1<\/code><br><code>de1exfFoTiGfvFjt5q4RcVLSgG7JKTzQqJaO1XXsWXDFi5lFagpSXFNn94sM9jwj43P71LR2l9s9y0+2v2Fdke3<\/code><br><code>93\/\/2gAIAQMRAT8B\/Yaaaa+iA1rTXeO4p7h3nuHee4dt6FI7wDqb1ydo7a1PbHvke4a01rPvB7ie+H070ie2R7L<\/code><br><code>7Ynsn9EFGhSe3\/9oACAECEQE\/Af26\/pnuB7z3x7j3juPbWgQe8kaitYdp+gB2y74juPfDvI7gO6mfaO6tJDjS29<\/code><br><code>ID6Mh2Q7hqQkaBA7f\/2gAIAQEABj8C\/wB8dO\/H\/VGvan+odXr9yrp92o\/naDi69q\/zNQXieP8AN\/H+e0evH+aP8<\/code><br><code>\/kHX+YP+oKMfzB\/1BVn\/VJ\/1Sf5k\/78tfuaPX7vD\/UVPZDpkWSD92ofkX1h6dx\/M0+5q6fdo6uqnp2H81X+fH+p<\/code><br><code>KH\/VFHkP9TavR1Lo6f6i0\/1VwfCn3ODof9S8Hw7171\/1Hr\/vrp\/OBP8AOk9sfvaf6jy\/mif5+jp\/M19f5098v5i<\/code><br><code>n88XVT6A6Leo0+\/mp\/B9JeKuP82Wf5kfcH3v\/xAAzEAEAAwACAgICAgMBAQAAAgsBEQAhMUFRYXGBkaGxwfDREO<\/code><br><code>HxIDBAUGBwgJCgsMDQ4P\/aAAgBAQABPyH\/APNmz\/yf+T\/ybNmz\/wDmeRNlJyy+QqPUofN1x\/8AoI8rkG3suaO6q<\/code><br><code>sqfjdNsWAKB4s\/\/AJwut8VjUHqz6swTxRQbQNXVBWPzSDCkOcalzJ4ssP8A80vkuYTK8tS7fjGnWzw\/4wfNTWP\/<\/code><br><code>ACkM8FA8xRiVDq\/y\/wDyww5cVobOdpUGUCbx\/wCcK3BtHawbZlBquTwc\/wD5KwS1HH\/yqev+R\/8AhYf8RbJfDYu<\/code><br><code>Sx4f+2WNgD3\/+QyzmKcPdT\/0Isf8AEWLH\/CVqUrPN5NNO6z\/8gQK0o2nZoWLFixYsWLFSpWzaXhu7xPf\/AOQZRQ<\/code><br><code>VLl\/4f\/kmtNxr8SwS8\/wD5IKP\/AGf\/AMU1rW4viog+X\/5PFFP\/AOJ\/\/C1KVIH\/AOVnX\/ixY0Nn\/i\/8mzZqlbO18<\/code><br><code>q5L\/wDkNHFGc8L3ZF46mpCBN54sCwljcTeIUc8StdzYOf8AgyiGxFUk\/wD4xIlLh\/4jV\/8AWCpvA6mxEWLAmgRN<\/code><br><code>FvdFZUQcGU\/UH1QIh9m3Ce16p4aIFMP\/AMhIvOjWGo5vuo4uEDL1spxXiwIbCXVvmUebDyP+WF+5WOfH\/wCS0Ki<\/code><br><code>ta2JsUs1LFP8A8ATDYpef\/wAkcNP+pRNef\/gauY\/5H\/fNMB\/+TE\/7Nys\/QXgTfdkr8nb8E2Uo1r\/\/ADIOv+N8Fy<\/code><br><code>kROblaDu8LizeZNJSXSXVGr\/wAn5\/\/AC+c\/wDUq4UQyVMD6\/4rSLywU4PdX\/GiAf8A4n\/8In\/hJq20DSd6CkPU\/<\/code><br><code>dk6sXX\/ABWVpws0wn\/43\/8AEaLlGVEVSi4onxfjRYqFpYVbAS7\/APxv\/wCLpdEUwQ1RXJxZ\/uyqT\/kTRgq2Q\/8A<\/code><br><code>xv8A+R5qOb5NE\/8ABlYPbUBt1XBYLP8A+J\/\/AALXDslxzQJK3CKyYqj5vvzSSolH82RZs\/tXqqUDZ\/7Nf+LXxuF<\/code><br><code>\/QK8Vnrh0pL\/mxV5mp+qqtea2Aq+u9Xv\/AIKU8rM2aor41l\/4svH\/AJAh6stLKE1vCrZsRZv+RQ2R\/wDwSql\/6r<\/code><br><code>1Rl4v\/AA1omVyf8DFKRdVytmsP\/IP+IvzZP+PN4sdtdH\/VMVYnHD\/zLLn\/AIWa6ywctiR6vxeFMaV\/5FlPNFa0P<\/code><br><code>+ZMuCxQw8tnANq35BSlFT\/w9pDs\/gqB+hW5Qv8AiE3ulj\/8Jwvf\/fNQerzvH\/hBwf8ABS8L+x\/w51v7l7p\/+D\/\/<\/code><br><code>2gAMAwEAAhEDEQAAEAFfcffVi7fFFPAEKQSau85lBABABFjV2LAUzEBMAAXFHgkBT4+MvAAd4bWnL5qVozwIePt<\/code><br><code>EuP5n5kQVPJkSSSw9YeeREVbXuSTd0zlmDDZmW4pKBBo4dCFpa2SaevVxEB856R3xZ2pC1+xzySolsef3C3ebfV<\/code><br><code>grodv7PxtcMD0cNZcDImCzwKczCr\/vmDFgmlij+yo6vXkTYhSKMf\/EADMRAQEBAAMAAQIFBQEBAAEBCQEAESExE<\/code><br><code>EFRYSBx8JGBobHRweHxMEBQYHCAkKCwwNDg\/9oACAEDEQE\/EPxNv\/yILwiTPxhaRMkmMTPwsdY8yyyGwzj8L5Px<\/code><br><code>H8Rj8d7\/AABschthn8C5z+Ht2y0d2eHXHmbkuj18WhZZHjMtx2eu+vj+Ity222bA\/A+LGHw8OvHzn49iOfNfFtH<\/code><br><code>fxLLTLqGZZ4Lc\/AuT4yfMs2CyJ82x78+anu5L4mPwN8zOdS022U3duke\/\/9oACAECEQE\/EP8A8DbbbS1h\/Gy5M2<\/code><br><code>GGGH8Sw2XfwDYQ7\/8ADllnvT8Tm38PX8Oy2yySLXsXg\/C8GQ2Dr3g5mHuHC\/hGLbb6NsWBnmej58zbLJPNH8Q0k<\/code><br><code>jzfTxv4+afEPA5sDD8B4ahiNwyeB8tycss9BYuYWkyPDduSPEs8J6ixZLIIfP43xBsbYOWQgzLPwf\/aAAgBAQAB<\/code><br><code>PxD\/APGtmzZs1fN3fKixtlVbKzZWVlZWX\/8AJmrmV80vRPVlk4ckjn4vUOVvf+TTLBuo388XHyoV2ij\/APoB+q2<\/code><br><code>jP1xTEWdCUPjIoBLOZIKfGVbVdT\/JscJkYV8R\/wCXESev9WAQPJeY81UUJO6bKksLP\/Jr\/wBn\/wDE1ShPjs\/+e6<\/code><br><code>4PQrP1V1JQPnxSUmjvhn+6rkHA1SCVk\/NPVTArzXcDIwSyEycYcpcIpPhj+6RV9nL8U+J8lkf\/AMtqxxODo9teX<\/code><br><code>Hp59eKgkd5Of\/H8VWLwJ4f9UsREYxThO5aJSdjfxVQHstAux5a4Pg49K1APYYljgS6g\/wDn83mwsrKP45qfA\/ge<\/code><br><code>pp\/+VENZj+\/qvkmXl5WjIH\/lMspWlZA7bqTffGUS+oYqShkTtFyJC6nl1\/niqIPzd8kHnksTHTSOvimQRijif6m<\/code><br><code>n\/wCQbZBtGNAwVmHkLKVg9vLYdc9UoiLOYS4ZCH+aYw2kze7gj81DiXUigaQTys7l\/T\/FZJUMZ2C4jAn4emhlgj<\/code><br><code>+bNn\/8W0YUdVPAVQvgOYpARJ0vf\/lOOIoCh5sWoaXh\/wCeFhKTjT93VYTRO+T\/AMpN3Hu9gf4v\/wAhwwVO+LMMA<\/code><br><code>6zKA5L5uFhZdU\/4kLuh7qmxWai9Gk5+KoJRl+6kSknSn\/Z\/\/AwhMllDeeDt4sk0MomwNit6\/wCTtkiqeKKfNJLU<\/code><br><code>bMHPV8UAOCw\/\/BP\/AOB4q1HxSiPFDf8AkDizJNnKIc3m92BYc\/8AUSGhE+OVSdcL82T\/APE0VnvP+Ay5RZsUj\/i<\/code><br><code>PN3xUayUTz\/yhHsrJnMS3t7X\/APBn\/Wtibtve0tLF0jjwv\/EF4shcJsyS\/wDEWo82XC1UhRM2\/FhzuzZ\/5P8Axr<\/code><br><code>UBR78VQpMQXzY6VY0yjbc8XmH4ds0A9lAGutQ+OsyWbP7U\/wAUiJTsm6oh+6ROl52wR+UK9Z4Dr\/2w\/kT\/APg9V<\/code><br><code>rQ86JZPkmJ9DQlpKjjqjSiMEA\/aZCoZyECEz3NQAou7M9bNY0EnNiRSJcsQxQc3BcT2H5q8M4Dit\/mrBbCYP6ab<\/code><br><code>7NVIoWfoiur5pgDop\/8Aga191oYyi+ahNJo6A9UIZ7ion2VJ4HRx\/wC3ogeqXFK2D7D1eMR0dVAI5QIDPNX5Ph4<\/code><br><code>pkCLEWc9sL4kEtLlmz\/xrWiYSC\/mnl1QzNS1xnN6GlcK4RKAzUuxRtimNbFYmoWyD5UfR\/wAmzZrWrWkqZ8f8IL<\/code><br><code>Lc5i9rUS8lRC8tkipHN1hZ+UIoTtB0VioSgQl04sI9Fn\/8DWtbMhyVx2lY9WBRXH7JatIxepuHKbPM2IsXXdaeM<\/code><br><code>D9WELh\/xhUHwMv1SzR\/61r\/AMbF803m+DZiNXb2vMUgE8qOi5Af3TX7TrHmKIBLTLtaPjMriyVFkC9FdNg3T\/8A<\/code><br><code>iWrVKxWhCO7w3AtDOj3NZQeRqj7D\/V8kP8TWGQP5sGHsXmjgwZY9GUfJ\/NNJq7XzF9QB\/wDgn\/irVr\/ySjk29\/8<\/code><br><code>AIyXXiCnTR6Q\/mi4AcDzeQfMCaogfvS8lHws1GkZ8zjQBRCOc+qpnWvAEy\/VmzZs1bN5Vau\/8mtzDh0sSZ4raIg<\/code><br><code>8UARxzQSxPqzGvopP80vHd7BokVfqwA8+PxZGcz\/hO83H4\/wCTVs2f+n\/8DV+3\/AcNE7rgExUe5WHY\/hdTmfuvp<\/code><br><code>48N6I4\/dYrkRE7DXcsW2bNmzVs3lW9\/8atnjWrg7mhHh7aweZjj1THEFjSb2IUpBSkiP\/2skln36\/NAQ4NKmzZs<\/code><br><code>2SqrZq0A2wqR2\/VKXBp9XsCJqeaZ0q8+fmbMJiKAk5UWWEIxeqwhZY4ocMifZ5qIqpOHqgCwh3J+qGC4Y8dXmMu<\/code><br><code>ts2f+OdaBq0PasJXmtf4IH93SGtjEaBsaHfN6OrCyQPqgQWYRNC4k91NKERe2scuw\/unCpuxeGaTQdH\/ASWq8K0<\/code><br><code>1n\/sAP5f8AictUP3VHO2OJ4o2DlEZbCXx1k7Z0KznUFjKWw7RnNjux1dOL7a6TSsGuXVCDy82Vqv5qymdvNY3Y1<\/code><br><code>oxSGoxN6XNYIcsDWsmXKWqJvE6K0\/lL9dVIshJ1VONB1lmOFk7LFnQmm68njxdIvJr4e6UnGkz1\/wCD\/V6K0SaU<\/code><br><code>Uh\/FAvGXBnVblYSna0g+6cCAhLlYeQnpp1\/w6uLEtBHBZ1K+qfPPtuBqX7WSsH8WOnq8vwV11Bqv1xUmYEwxq5V<\/code><br><code>DmhH1x915JYHacXdTElmhYykiSfyfNnIwY6I+Lhg+HPxWyxHE4\/4cbrmwFi8v+OalglRRCFAQPXxSQpKHijgAg4<\/code><br><code>UF5XrSfhQIJMi4cdtBQJbiDwsFEvd7sF\/\/2YkCUQQTAQgAOxYhBIwElMj6n8Qt6tvfN6bn5Iy8weh0BQJoFpo2A<\/code><br><code>hsDBQsJCAcCAiICBhUKCQgLAgQWAgMBAh4DAheAAAoJEKbn5Iy8weh0OfYQAJroLD1+xRnYvaSfGns0MOD+cyeH<\/code><br><code>t4S7O6f5KxWR314V44Sh8e11q694KF5jG\/BfcIEfEeocBRokqyu7+1DhhjQTQKiPe2N8DE\/wpP91wHOy\/r+rpux<\/code><br><code>fqXsswcD3ftTTrWQD\/3ed7tFBdZ7sVCZQ8CI7g+6vh4POsOvElDxrcn0ZBZOBHIw5AhzsFTH5\/vV+CnuLB0Rt+l<\/code><br><code>ORw7dlFM5NFCTKc2GykjmGokFZDBEMOA\/7oj1ZVFjvV5qGGizSgmBv6T6fbR5lRie4U105sb\/Z\/tlmpnaj+PlZD<\/code><br><code>qb2dwsscDNi1ILm7tF5+DK\/v5Hx3ANXaviZbe41duVjrWlqS6SZ+ypX\/\/1CxMFkPSXysxosmGs4U2revQ9Byqsg<\/code><br><code>TvN8al1Gq3\/Wox+n\/zrpNZrFaKdCL4qAnlZ9MF9jy66JTOs1c34JT2jCR6ijD1xK9VPeYkmk061V5fB+n9SNaEl<\/code><br><code>aZ+UZZ9jDRxQdym+qhdiOgJCleKPwe3skK7kng4VHfb72DtQRcIgvNVkL77lwJSLNLafu3EysuCULYuUUt2a667<\/code><br><code>3oWPGxoQFt8NGEl87h7087y62HT7zCdhuBYrvkdPZozdqzZ1TL7BV4bqp5GGVdUo5UsyJITHE6g0awyN4MF5cz9<\/code><br><code>ry3reQaL4a7zQpY05ZB1MGrhv4tmX\/FOuw3iDW4onENosmVuQINBGgWmQoBEACxPszDBYJzrjaikXOGrTRCqDci<\/code><br><code>CNgk21UxhZH7lTDMX7bwhrQlEsZ5o5jDDODpUnhydv2B9+imdtPzIzuUuw2qqBmohImRYnylEosDkTAOaNd+bEW<\/code><br><code>rmANVBEBNWv9rADp5LXYzrTn\/2bPUYrBBZxo3rw8mXqKQ5ZH1aZWXC4ZoOkVfpEmXqGpaMt0G514EayVxm1slBl<\/code><br><code>nIrwD3x+RFNkco5+fGG3gcJ64KVVo6\/ofw0rRQh5IuNtVdIkODV3Qa2WQEfqbF1tFSFZb+WONShg7bJtgN1Y\/zw<\/code><br><code>dVZVynQmtOSsXd7pC3uj3zcRKv82RemgquVeJ7uUSCT0Nx747skbu0QlQGdAsjuFyjlXAOlYR0OIfMVkwfpU7vC<\/code><br><code>NGfJrz1rSqRm9Q0eoUto1n9sl6ZM3ERdWoJskbDydzm9jczpIw5wbcV6jOYlmnriQi8ZVZhpoKoZlb9xKdURlGz<\/code><br><code>B1SXGOlWxtSLgbI5XNaN7QpBlWo+pUnt2wnV4\/cclbS4LiezqJG1OR8ODKUh3r2bV5w1ZSk+7hhpYAtccvW\/aCy<\/code><br><code>YsIuijeoEiA7Rmvi2Vgs4pTkatR8tZAKP4DGIVbGNOnxnPOqguv9I8Avexfee6JHhg9vkVLAHV402bLykuPDThd<\/code><br><code>KFFGy7vzuSh72C15wjZwuKVECBR7v+5FWcKEMshNs9R1\/Kn9wARAQABiQI2BBgBCAAgFiEEjASUyPqfxC3q2983<\/code><br><code>pufkjLzB6HQFAmgWmQoCGwwACgkQpufkjLzB6HQhvRAAgDlWj4ITzlcD7YJnaablxZdpjaL39po2K3SlvAoTMht<\/code><br><code>YEblgiNXCrIbkiDua5KYUUmW+yWnjE\/k37Wei8IJLNsPUxm+1HQxHeP6Yx3x9CqQeOCxk12A2Foc2Z9gCWmS7jr<\/code><br><code>cbIr7OjeaDYwiMDLCM9lftfjIliljcEkPR7z4P7Z1hPWkv7PettR8J1MQGKFs41zHKHIE86lx7Ux5V8\/RLF4XPb<\/code><br><code>72psJXByhhVuUiojTC6F7qhjpHhfTh7fnLBp4m1L+BmkiCFDdQQEeM\/HqVoGqH8sfLFs6maxFEOfJMRx5gYVkgN<\/code><br><code>9tuOwVzxbMrGhoKJn39kXgq\/DlcyCm2wWMrw7\/Q2MNHmEKumyBBKfHYIlT+qbfzOKtGSyjcI1+nyAUGLEv0HA4\/<\/code><br><code>aH76j+fwFl247shEQgYN1PsNEDF4wrM20\/Kn2MTTPE8C2qBqMCACQc9heQhknrxLCXQcCuKE3WGv5LAKXpEOH0+<\/code><br><code>g01uprrd8J1EQwCDUrWk53poUqpY3VW5ky9CaVXPpQGukr7RHnz6huuFd20prNuUScSJRZUC2SAimmsvElf0bvV<\/code><br><code>JG\/gAWH99NodC5O0VoIbDU2NSDreD5iHMI1AZ\/hdEtlj0nW+thEFEMLj2uwSCQSYwialVbxWmnywlT4suYjq3j\/<\/code><br><code>c8UAW7Ey25gGUUOc9puMVkuuFEpI6wU==ZGSy<br>-----END PGP PUBLIC KEY BLOCK-----<\/code><\/p>\n<p><\/p>\t\t\t\t\t\t\t\t<\/div>\n\t\t\t\t<\/div>\n\t\t\t\t\t<\/div>\n\t\t<\/div>\n\t\t\t\t\t<\/div>\n\t\t<\/section>\n\t\t\t\t<\/div>\n\t\t","protected":false},"excerpt":{"rendered":"<p>Hier mein \u00f6ffentlicher PGP-Schl\u00fcssel f\u00fcr Menschen, die gerne gesichert mit mir per E-Mail kommunizieren m\u00f6chten. Er ist von der &#8222;Governikus OpenPGP Signaturservice&#8220; [&hellip;]<\/p>\n","protected":false},"author":1,"featured_media":400,"parent":0,"menu_order":0,"comment_status":"closed","ping_status":"closed","template":"","meta":{"footnotes":""},"class_list":["post-390","page","type-page","status-publish","has-post-thumbnail","hentry"],"_links":{"self":[{"href":"https:\/\/thaetig.de\/index.php?rest_route=\/wp\/v2\/pages\/390","targetHints":{"allow":["GET"]}}],"collection":[{"href":"https:\/\/thaetig.de\/index.php?rest_route=\/wp\/v2\/pages"}],"about":[{"href":"https:\/\/thaetig.de\/index.php?rest_route=\/wp\/v2\/types\/page"}],"author":[{"embeddable":true,"href":"https:\/\/thaetig.de\/index.php?rest_route=\/wp\/v2\/users\/1"}],"replies":[{"embeddable":true,"href":"https:\/\/thaetig.de\/index.php?rest_route=%2Fwp%2Fv2%2Fcomments&post=390"}],"version-history":[{"count":23,"href":"https:\/\/thaetig.de\/index.php?rest_route=\/wp\/v2\/pages\/390\/revisions"}],"predecessor-version":[{"id":422,"href":"https:\/\/thaetig.de\/index.php?rest_route=\/wp\/v2\/pages\/390\/revisions\/422"}],"wp:featuredmedia":[{"embeddable":true,"href":"https:\/\/thaetig.de\/index.php?rest_route=\/wp\/v2\/media\/400"}],"wp:attachment":[{"href":"https:\/\/thaetig.de\/index.php?rest_route=%2Fwp%2Fv2%2Fmedia&parent=390"}],"curies":[{"name":"wp","href":"https:\/\/api.w.org\/{rel}","templated":true}]}}